{"id":1248,"date":"2026-01-19T18:02:30","date_gmt":"2026-01-19T17:02:30","guid":{"rendered":"https:\/\/ibexcoaching.ch\/?page_id=1248"},"modified":"2026-01-19T18:48:02","modified_gmt":"2026-01-19T17:48:02","slug":"partner","status":"publish","type":"page","link":"https:\/\/ibexcoaching.ch\/en\/partner\/","title":{"rendered":"Partner"},"content":{"rendered":"\n<figure class=\"wp-block-image size-full is-resized\"><a href=\"https:\/\/www.anavon-ski.com\/partner.php\" target=\"_blank\" rel=\" noreferrer noopener\"><img loading=\"lazy\" decoding=\"async\" width=\"496\" height=\"336\" src=\"https:\/\/ibexcoaching.ch\/wp-content\/uploads\/2026\/01\/logo-new.png\" alt=\"\" class=\"wp-image-1249\" style=\"width:128px;height:auto\" srcset=\"https:\/\/ibexcoaching.ch\/wp-content\/uploads\/2026\/01\/logo-new.png 496w, https:\/\/ibexcoaching.ch\/wp-content\/uploads\/2026\/01\/logo-new-300x203.png 300w\" sizes=\"auto, (max-width: 496px) 100vw, 496px\" \/><\/a><\/figure>\n\n\n\n<p style=\"font-size:24px\"><\/p>\n\n\n\n<p>Ski mit Seele, handgemacht in Graub\u00fcnden. ANAVON steht f\u00fcr erstklassige Schweizer Handwerkskunst, regionale Materialien und nachhaltige Werte. Jeder Ski wird zu 100% in Graub\u00fcnden gefertigt, aus Schweizer Holz, mit echter Leidenschaft und tief verwurzelt in unserer Bergheimat. ANAVON Ski sind mehr als Sportger\u00e4te. Sie sind Ausdruck von Individualit\u00e4t, Pr\u00e4zision und Naturverbundenheit.<\/p>\n\n\n\n<p>IBEX und ANAVON verbindet die Liebe zu den Bergen und der Wunsch, Menschen zu st\u00e4rken. W\u00e4hrend wir im Coaching pers\u00f6nliche Entwicklung anstossen, liefert ANAVON die Ski, die dieses Erlebnis noch intensiver machen. Hier findet du mehr Informationen zu ANAVON:&nbsp;<a href=\"https:\/\/www.anavon-ski.com\/ueber-uns.php\">https:\/\/www.anavon-ski.com\/<\/a><\/p>\n\n\n\n<p>Gemeinsam schaffen wir Angebote, die bewegen. Im Kopf, im Herzen und auf der Piste.<\/p>\n\n\n\n<p style=\"font-size:24px\"><strong>Angebote<\/strong><\/p>\n\n\n\n<p><strong>1. Skitest kombiniert mit SKI&#038;GROW<\/strong><br>Termine auf Anfrage (nicht die offiziellen ANAVON-Skitests) (<a href=\"https:\/\/ibexcoaching.ch\/service\/skiandgrow\/\">IBEX SKI&#038;GROW<\/a>)<\/p>\n\n\n\n<figure class=\"wp-block-gallery has-nested-images columns-default is-cropped wp-block-gallery-1 is-layout-flex wp-block-gallery-is-layout-flex\">\n<figure class=\"wp-block-image size-large\"><img loading=\"lazy\" decoding=\"async\" width=\"1024\" height=\"1024\" data-id=\"1251\" src=\"https:\/\/ibexcoaching.ch\/wp-content\/uploads\/2026\/01\/Anavon-Skitesttag-Diavolezza-12-1024x1024.jpg\" alt=\"\" class=\"wp-image-1251\" srcset=\"https:\/\/ibexcoaching.ch\/wp-content\/uploads\/2026\/01\/Anavon-Skitesttag-Diavolezza-12-1024x1024.jpg 1024w, https:\/\/ibexcoaching.ch\/wp-content\/uploads\/2026\/01\/Anavon-Skitesttag-Diavolezza-12-300x300.jpg 300w, https:\/\/ibexcoaching.ch\/wp-content\/uploads\/2026\/01\/Anavon-Skitesttag-Diavolezza-12-150x150.jpg 150w, https:\/\/ibexcoaching.ch\/wp-content\/uploads\/2026\/01\/Anavon-Skitesttag-Diavolezza-12-768x768.jpg 768w, https:\/\/ibexcoaching.ch\/wp-content\/uploads\/2026\/01\/Anavon-Skitesttag-Diavolezza-12.jpg 1333w\" sizes=\"auto, (max-width: 1024px) 100vw, 1024px\" \/><\/figure>\n\n\n\n<figure class=\"wp-block-image size-large\"><img loading=\"lazy\" decoding=\"async\" width=\"1024\" height=\"1024\" data-id=\"1252\" src=\"https:\/\/ibexcoaching.ch\/wp-content\/uploads\/2026\/01\/Anavon-Skitest-Parsenn-10-1024x1024.jpg\" alt=\"\" class=\"wp-image-1252\" srcset=\"https:\/\/ibexcoaching.ch\/wp-content\/uploads\/2026\/01\/Anavon-Skitest-Parsenn-10-1024x1024.jpg 1024w, https:\/\/ibexcoaching.ch\/wp-content\/uploads\/2026\/01\/Anavon-Skitest-Parsenn-10-300x300.jpg 300w, https:\/\/ibexcoaching.ch\/wp-content\/uploads\/2026\/01\/Anavon-Skitest-Parsenn-10-150x150.jpg 150w, https:\/\/ibexcoaching.ch\/wp-content\/uploads\/2026\/01\/Anavon-Skitest-Parsenn-10-768x768.jpg 768w, https:\/\/ibexcoaching.ch\/wp-content\/uploads\/2026\/01\/Anavon-Skitest-Parsenn-10-1536x1536.jpg 1536w, https:\/\/ibexcoaching.ch\/wp-content\/uploads\/2026\/01\/Anavon-Skitest-Parsenn-10-2048x2048.jpg 2048w\" sizes=\"auto, (max-width: 1024px) 100vw, 1024px\" \/><\/figure>\n\n\n\n<figure class=\"wp-block-image size-large\"><img loading=\"lazy\" decoding=\"async\" width=\"1024\" height=\"1024\" data-id=\"1253\" src=\"https:\/\/ibexcoaching.ch\/wp-content\/uploads\/2026\/01\/IBEX-SKIGROW-7-1024x1024.jpg\" alt=\"\" class=\"wp-image-1253\" srcset=\"https:\/\/ibexcoaching.ch\/wp-content\/uploads\/2026\/01\/IBEX-SKIGROW-7-1024x1024.jpg 1024w, https:\/\/ibexcoaching.ch\/wp-content\/uploads\/2026\/01\/IBEX-SKIGROW-7-300x300.jpg 300w, https:\/\/ibexcoaching.ch\/wp-content\/uploads\/2026\/01\/IBEX-SKIGROW-7-150x150.jpg 150w, https:\/\/ibexcoaching.ch\/wp-content\/uploads\/2026\/01\/IBEX-SKIGROW-7-768x768.jpg 768w, https:\/\/ibexcoaching.ch\/wp-content\/uploads\/2026\/01\/IBEX-SKIGROW-7-1536x1536.jpg 1536w, https:\/\/ibexcoaching.ch\/wp-content\/uploads\/2026\/01\/IBEX-SKIGROW-7-2048x2048.jpg 2048w\" sizes=\"auto, (max-width: 1024px) 100vw, 1024px\" \/><\/figure>\n<\/figure>\n\n\n\n<p><\/p>\n\n\n\n<p><strong>2. Teamevent mit Skibau \/ Werkstattf\u00fchrung + inspirierende Keynote<\/strong><br>ca. 45 Minuten Keynote, Fokus auf Motivation &#038; pers\u00f6nliche Entwicklung (<a href=\"https:\/\/ibexcoaching.ch\/service\/impulsreferat\/\">IBEX Keynotes<\/a>)<\/p>\n\n\n\n<figure class=\"wp-block-gallery has-nested-images columns-default is-cropped wp-block-gallery-2 is-layout-flex wp-block-gallery-is-layout-flex\">\n<figure class=\"wp-block-image size-large\"><img loading=\"lazy\" decoding=\"async\" width=\"1024\" height=\"1024\" data-id=\"1259\" src=\"https:\/\/ibexcoaching.ch\/wp-content\/uploads\/2026\/01\/IBEX-Keynote-1-3-1024x1024.jpg\" alt=\"\" class=\"wp-image-1259\" srcset=\"https:\/\/ibexcoaching.ch\/wp-content\/uploads\/2026\/01\/IBEX-Keynote-1-3-1024x1024.jpg 1024w, https:\/\/ibexcoaching.ch\/wp-content\/uploads\/2026\/01\/IBEX-Keynote-1-3-300x300.jpg 300w, https:\/\/ibexcoaching.ch\/wp-content\/uploads\/2026\/01\/IBEX-Keynote-1-3-150x150.jpg 150w, https:\/\/ibexcoaching.ch\/wp-content\/uploads\/2026\/01\/IBEX-Keynote-1-3-768x768.jpg 768w, https:\/\/ibexcoaching.ch\/wp-content\/uploads\/2026\/01\/IBEX-Keynote-1-3-1536x1536.jpg 1536w, https:\/\/ibexcoaching.ch\/wp-content\/uploads\/2026\/01\/IBEX-Keynote-1-3-2048x2048.jpg 2048w\" sizes=\"auto, (max-width: 1024px) 100vw, 1024px\" \/><\/figure>\n\n\n\n<figure class=\"wp-block-image size-large\"><img loading=\"lazy\" decoding=\"async\" width=\"1024\" height=\"1024\" data-id=\"1284\" src=\"https:\/\/ibexcoaching.ch\/wp-content\/uploads\/2026\/01\/Workshop-6-1024x1024.jpg\" alt=\"\" class=\"wp-image-1284\" srcset=\"https:\/\/ibexcoaching.ch\/wp-content\/uploads\/2026\/01\/Workshop-6-1024x1024.jpg 1024w, https:\/\/ibexcoaching.ch\/wp-content\/uploads\/2026\/01\/Workshop-6-300x300.jpg 300w, https:\/\/ibexcoaching.ch\/wp-content\/uploads\/2026\/01\/Workshop-6-150x150.jpg 150w, https:\/\/ibexcoaching.ch\/wp-content\/uploads\/2026\/01\/Workshop-6-768x768.jpg 768w, https:\/\/ibexcoaching.ch\/wp-content\/uploads\/2026\/01\/Workshop-6.jpg 1333w\" sizes=\"auto, (max-width: 1024px) 100vw, 1024px\" \/><\/figure>\n\n\n\n<figure class=\"wp-block-image size-large\"><img loading=\"lazy\" decoding=\"async\" width=\"1024\" height=\"1024\" data-id=\"1258\" src=\"https:\/\/ibexcoaching.ch\/wp-content\/uploads\/2026\/01\/IBEX-Keynote-3-1024x1024.jpg\" alt=\"\" class=\"wp-image-1258\" srcset=\"https:\/\/ibexcoaching.ch\/wp-content\/uploads\/2026\/01\/IBEX-Keynote-3-1024x1024.jpg 1024w, https:\/\/ibexcoaching.ch\/wp-content\/uploads\/2026\/01\/IBEX-Keynote-3-300x300.jpg 300w, https:\/\/ibexcoaching.ch\/wp-content\/uploads\/2026\/01\/IBEX-Keynote-3-150x150.jpg 150w, https:\/\/ibexcoaching.ch\/wp-content\/uploads\/2026\/01\/IBEX-Keynote-3-768x768.jpg 768w, https:\/\/ibexcoaching.ch\/wp-content\/uploads\/2026\/01\/IBEX-Keynote-3.jpg 1500w\" sizes=\"auto, (max-width: 1024px) 100vw, 1024px\" \/><\/figure>\n<\/figure>\n\n\n\n<p><\/p>\n\n\n\n<p><strong>3. Teamevent mit Skibau \/ Werkstattf\u00fchrung + Teambildung Workshop<\/strong><br>halbt\u00e4gig, mit direktem Praxisbezug (<a href=\"https:\/\/ibexcoaching.ch\/service\/teambildung\/\">IBEX Teambildung<\/a>)<\/p>\n\n\n\n<figure class=\"wp-block-gallery has-nested-images columns-default is-cropped wp-block-gallery-3 is-layout-flex wp-block-gallery-is-layout-flex\">\n<figure class=\"wp-block-image size-large\"><img loading=\"lazy\" decoding=\"async\" width=\"1024\" height=\"1024\" data-id=\"1262\" src=\"https:\/\/ibexcoaching.ch\/wp-content\/uploads\/2026\/01\/IBEX-Workshop-1-1024x1024.jpg\" alt=\"\" class=\"wp-image-1262\" srcset=\"https:\/\/ibexcoaching.ch\/wp-content\/uploads\/2026\/01\/IBEX-Workshop-1-1024x1024.jpg 1024w, https:\/\/ibexcoaching.ch\/wp-content\/uploads\/2026\/01\/IBEX-Workshop-1-300x300.jpg 300w, https:\/\/ibexcoaching.ch\/wp-content\/uploads\/2026\/01\/IBEX-Workshop-1-150x150.jpg 150w, https:\/\/ibexcoaching.ch\/wp-content\/uploads\/2026\/01\/IBEX-Workshop-1-768x768.jpg 768w, https:\/\/ibexcoaching.ch\/wp-content\/uploads\/2026\/01\/IBEX-Workshop-1-1536x1536.jpg 1536w, https:\/\/ibexcoaching.ch\/wp-content\/uploads\/2026\/01\/IBEX-Workshop-1-2048x2048.jpg 2048w\" sizes=\"auto, (max-width: 1024px) 100vw, 1024px\" \/><\/figure>\n\n\n\n<figure class=\"wp-block-image size-large\"><img loading=\"lazy\" decoding=\"async\" width=\"1024\" height=\"1024\" data-id=\"1260\" src=\"https:\/\/ibexcoaching.ch\/wp-content\/uploads\/2026\/01\/JEG05773-1-1024x1024.jpg\" alt=\"\" class=\"wp-image-1260\" srcset=\"https:\/\/ibexcoaching.ch\/wp-content\/uploads\/2026\/01\/JEG05773-1-1024x1024.jpg 1024w, https:\/\/ibexcoaching.ch\/wp-content\/uploads\/2026\/01\/JEG05773-1-300x300.jpg 300w, https:\/\/ibexcoaching.ch\/wp-content\/uploads\/2026\/01\/JEG05773-1-150x150.jpg 150w, https:\/\/ibexcoaching.ch\/wp-content\/uploads\/2026\/01\/JEG05773-1-768x768.jpg 768w, https:\/\/ibexcoaching.ch\/wp-content\/uploads\/2026\/01\/JEG05773-1-1536x1536.jpg 1536w, https:\/\/ibexcoaching.ch\/wp-content\/uploads\/2026\/01\/JEG05773-1.jpg 2001w\" sizes=\"auto, (max-width: 1024px) 100vw, 1024px\" \/><\/figure>\n\n\n\n<figure class=\"wp-block-image size-large\"><img loading=\"lazy\" decoding=\"async\" width=\"1024\" height=\"1024\" data-id=\"1263\" src=\"https:\/\/ibexcoaching.ch\/wp-content\/uploads\/2026\/01\/IBEX-Workshop-4-1-1024x1024.jpg\" alt=\"\" class=\"wp-image-1263\" srcset=\"https:\/\/ibexcoaching.ch\/wp-content\/uploads\/2026\/01\/IBEX-Workshop-4-1-1024x1024.jpg 1024w, https:\/\/ibexcoaching.ch\/wp-content\/uploads\/2026\/01\/IBEX-Workshop-4-1-300x300.jpg 300w, https:\/\/ibexcoaching.ch\/wp-content\/uploads\/2026\/01\/IBEX-Workshop-4-1-150x150.jpg 150w, https:\/\/ibexcoaching.ch\/wp-content\/uploads\/2026\/01\/IBEX-Workshop-4-1-768x768.jpg 768w, https:\/\/ibexcoaching.ch\/wp-content\/uploads\/2026\/01\/IBEX-Workshop-4-1-1536x1536.jpg 1536w, https:\/\/ibexcoaching.ch\/wp-content\/uploads\/2026\/01\/IBEX-Workshop-4-1-2048x2048.jpg 2048w\" sizes=\"auto, (max-width: 1024px) 100vw, 1024px\" \/><\/figure>\n<\/figure>\n\n\n\n<p><\/p>\n\n\n\n<p>Wir freuen uns \u00fcber deine Anfrage!<\/p>\n\n\n\n<div class=\"wpcf7 no-js\" id=\"wpcf7-f1277-o1\" lang=\"de-DE\" dir=\"ltr\" data-wpcf7-id=\"1277\">\n<div class=\"screen-reader-response\"><p role=\"status\" aria-live=\"polite\" aria-atomic=\"true\"><\/p> <ul><\/ul><\/div>\n<form action=\"\/en\/wp-json\/wp\/v2\/pages\/1248#wpcf7-f1277-o1\" method=\"post\" class=\"wpcf7-form init\" aria-label=\"Kontaktformular\" novalidate=\"novalidate\" data-status=\"init\">\n<fieldset class=\"hidden-fields-container\"><input type=\"hidden\" name=\"_wpcf7\" value=\"1277\" \/><input type=\"hidden\" name=\"_wpcf7_version\" value=\"6.1.4\" \/><input type=\"hidden\" name=\"_wpcf7_locale\" value=\"de_DE\" \/><input type=\"hidden\" name=\"_wpcf7_unit_tag\" value=\"wpcf7-f1277-o1\" \/><input type=\"hidden\" name=\"_wpcf7_container_post\" value=\"0\" \/><input type=\"hidden\" name=\"_wpcf7_posted_data_hash\" value=\"\" \/><input type=\"hidden\" name=\"lang\" value=\"en\" \/>\n<\/fieldset>\n<div class=\"container\">\n\t<div class=\"row\">\n\t\t<div class=\"col-sm-12 col-xs-12 form-group select-group\">\n\t\t\t<p><label>Angebot* <span class=\"wpcf7-form-control-wrap\" data-name=\"course\"><select class=\"wpcf7-form-control wpcf7-select wpcf7-validates-as-required form-control\" aria-required=\"true\" aria-invalid=\"false\" name=\"course\"><option value=\"Skitest kombiniert mit SKI&amp;GROW\">Skitest kombiniert mit SKI&amp;GROW<\/option><option value=\"Teamevent mit Skibau \/ Werkstattf\u00fchrung + Keynote\">Teamevent mit Skibau \/ Werkstattf\u00fchrung + Keynote<\/option><option value=\"Teamevent mit Skibau \/ Werkstattf\u00fchrung + Teambildung\">Teamevent mit Skibau \/ Werkstattf\u00fchrung + Teambildung<\/option><\/select><\/span><br \/>\n<\/label>\n\t\t\t<\/p>\n\t\t<\/div>\n\t\t<div class=\"col-sm-5 col-xs-12 form-group\">\n\t\t\t<p><label>Vorname* <span class=\"wpcf7-form-control-wrap\" data-name=\"firstName\"><input size=\"40\" maxlength=\"400\" class=\"wpcf7-form-control wpcf7-text wpcf7-validates-as-required form-control\" aria-required=\"true\" aria-invalid=\"false\" value=\"\" type=\"text\" name=\"firstName\" \/><\/span> <\/label>\n\t\t\t<\/p>\n\t\t<\/div>\n\t\t<div class=\"col-sm-5 col-xs-12 form-group\">\n\t\t\t<p><label>Name*<br \/>\n<span class=\"wpcf7-form-control-wrap\" data-name=\"lastName\"><input size=\"40\" maxlength=\"400\" class=\"wpcf7-form-control wpcf7-text wpcf7-validates-as-required form-control\" aria-required=\"true\" aria-invalid=\"false\" value=\"\" type=\"text\" name=\"lastName\" \/><\/span> <\/label>\n\t\t\t<\/p>\n\t\t<\/div>\n\t\t<div class=\"col-sm-5 col-xs-12 form-group\">\n\t\t\t<p><label>Telefon<br \/>\n<span class=\"wpcf7-form-control-wrap\" data-name=\"telephone\"><input size=\"40\" maxlength=\"400\" class=\"wpcf7-form-control wpcf7-text form-control\" aria-invalid=\"false\" value=\"\" type=\"text\" name=\"telephone\" \/><\/span> <\/label>\n\t\t\t<\/p>\n\t\t<\/div>\n\t\t<div class=\"col-sm-5 col-xs-12 form-group\">\n\t\t\t<p><label>E-Mail*<br \/>\n<span class=\"wpcf7-form-control-wrap\" data-name=\"email\"><input size=\"40\" maxlength=\"400\" class=\"wpcf7-form-control wpcf7-email wpcf7-validates-as-required wpcf7-text wpcf7-validates-as-email form-control\" aria-required=\"true\" aria-invalid=\"false\" value=\"\" type=\"email\" name=\"email\" \/><\/span> <\/label>\n\t\t\t<\/p>\n\t\t<\/div>\n\t\t<div class=\"col-sm-5 col-xs-12 form-group\">\n\t\t\t<p><label>Firma*<br \/>\n<span class=\"wpcf7-form-control-wrap\" data-name=\"firma\"><input size=\"40\" maxlength=\"400\" class=\"wpcf7-form-control wpcf7-text form-control\" aria-invalid=\"false\" value=\"\" type=\"text\" name=\"firma\" \/><\/span> <\/label>\n\t\t\t<\/p>\n\t\t<\/div>\n\t\t<div class=\"col-sm-5 col-xs-12 form-group\">\n\t\t\t<p><label>Kommentar<br \/>\n<span class=\"wpcf7-form-control-wrap\" data-name=\"message\"><textarea cols=\"40\" rows=\"10\" maxlength=\"2000\" class=\"wpcf7-form-control wpcf7-textarea form-control\" aria-invalid=\"false\" name=\"message\"><\/textarea><\/span> <\/label>\n\t\t\t<\/p>\n\t\t<\/div>\n\t<\/div>\n<\/div>\n<div class=\"col-sm-5 col-xs-12 form-group\">\n\t<p><input class=\"wpcf7-form-control wpcf7-submit has-spinner\" type=\"submit\" value=\"Senden\" \/>\n\t<\/p>\n<\/div><div class=\"wpcf7-response-output\" aria-hidden=\"true\"><\/div>\n<\/form>\n<\/div>\n\n","protected":false},"excerpt":{"rendered":"<p>Ski mit Seele, handgemacht in Graub\u00fcnden. ANAVON steht f\u00fcr erstklassige Schweizer Handwerkskunst, regionale Materialien und nachhaltige Werte. Jeder Ski wird zu 100% in Graub\u00fcnden gefertigt, aus Schweizer Holz, mit echter Leidenschaft und tief verwurzelt in unserer Bergheimat. ANAVON Ski sind mehr als Sportger\u00e4te. Sie sind Ausdruck von Individualit\u00e4t, Pr\u00e4zision und Naturverbundenheit. IBEX und ANAVON verbindet [&hellip;]<\/p>\n","protected":false},"author":1,"featured_media":0,"parent":0,"menu_order":1,"comment_status":"closed","ping_status":"closed","template":"","meta":{"_acf_changed":false,"footnotes":""},"class_list":["post-1248","page","type-page","status-publish","hentry"],"acf":[],"aioseo_notices":[],"_links":{"self":[{"href":"https:\/\/ibexcoaching.ch\/en\/wp-json\/wp\/v2\/pages\/1248","targetHints":{"allow":["GET"]}}],"collection":[{"href":"https:\/\/ibexcoaching.ch\/en\/wp-json\/wp\/v2\/pages"}],"about":[{"href":"https:\/\/ibexcoaching.ch\/en\/wp-json\/wp\/v2\/types\/page"}],"author":[{"embeddable":true,"href":"https:\/\/ibexcoaching.ch\/en\/wp-json\/wp\/v2\/users\/1"}],"replies":[{"embeddable":true,"href":"https:\/\/ibexcoaching.ch\/en\/wp-json\/wp\/v2\/comments?post=1248"}],"version-history":[{"count":13,"href":"https:\/\/ibexcoaching.ch\/en\/wp-json\/wp\/v2\/pages\/1248\/revisions"}],"predecessor-version":[{"id":1285,"href":"https:\/\/ibexcoaching.ch\/en\/wp-json\/wp\/v2\/pages\/1248\/revisions\/1285"}],"wp:attachment":[{"href":"https:\/\/ibexcoaching.ch\/en\/wp-json\/wp\/v2\/media?parent=1248"}],"curies":[{"name":"wp","href":"https:\/\/api.w.org\/{rel}","templated":true}]}}